{"id":514,"date":"2020-02-26T08:07:36","date_gmt":"2020-02-26T08:07:36","guid":{"rendered":"https:\/\/www.ulusoyseed.com.tr\/ar-ge-ve-uretim\/"},"modified":"2020-02-26T08:07:36","modified_gmt":"2020-02-26T08:07:36","slug":"ar-ge-ve-uretim","status":"publish","type":"page","link":"https:\/\/www.ulusoyseed.com.tr\/en\/ar-ge-ve-uretim\/","title":{"rendered":"Ar-Ge ve \u00dcretim"},"content":{"rendered":"<p>Ulusoy Tohumculuk AR-GE Projesi\u2019nin ilk ad\u0131m\u0131 1995 y\u0131l\u0131nda Tar\u0131m ve K\u00f6yi\u015fleri Bakanl\u0131\u011f\u0131 taraf\u0131ndan verilen Tar\u0131msal Ara\u015ft\u0131rma Kurulu\u015fu Tescil Belgesi ile at\u0131lm\u0131\u015ft\u0131r.<\/p>\n<p>Resmi olarak 2000 y\u0131l\u0131nda ba\u015flayan ve T\u00dcB\u0130TAK destekli ilk tar\u0131m projesi olan Ulusoy Tohumculuk Ar-Ge Projesi \u00fclkemizde \u00e7im tohumu konusunda yap\u0131lan ilk \u0131slah \u00e7al\u0131\u015fmas\u0131d\u0131r.<\/p>\n<p>Ar-Ge \u00e7al\u0131\u015fmalar\u0131m\u0131z Ankara-G\u00f6lba\u015f\u0131\u2019nda bulunan merkezimizden y\u00fcr\u00fct\u00fclmektedir. Tesis i\u00e7inde \u0131slah projemizin temelini olu\u015fturan laboratuar\u0131m\u0131z, ara\u015ft\u0131rma ve g\u00f6zlem sahalar\u0131m\u0131z bulunmaktad\u0131r. Ayn\u0131 zamanda T\u00fcrkiye\u2019nin de\u011fi\u015fik b\u00f6lgelerinde yeni \u00e7e\u015fitlerin uygunlu\u011funu ve performans\u0131n\u0131 belirlemek amac\u0131 ile bir\u00e7ok test ve denemeler yap\u0131lmaktad\u0131r.<\/p>\n<p>Ulusoy Tohumculuk Ar-Ge Projesi\u2019nin amac\u0131, \u00e7im tohumu kullan\u0131c\u0131lar\u0131 i\u00e7in b\u00f6lge \u015fartlar\u0131nda yeti\u015fmi\u015f,su ihtiyac\u0131 az, adaptasyonu y\u00fcksek ve kaliteli \u00fcr\u00fcnler \u0131slah etmektir.<\/p>\n<p>M\u00fc\u015fterilerimizin beklentilerini kar\u015f\u0131lamada bizlere Ar-Ge\u2019nin yan\u0131nda \u00fcretim de yard\u0131mc\u0131 olmaktad\u0131r. \u015eirketimiz, \u0130\u00e7 Anadolu B\u00f6lgesi\u2019nde \u00fcretim yapmaktad\u0131r. Ulusoy Tohumculuk\u2019un \u00fcretim miktar\u0131 bu sekt\u00f6r i\u00e7inde T\u00fcrkiye\u2019de \u00fcretilen en y\u00fcksek rakamd\u0131r.<\/p>\n<p>Ulusoy Tohumculuk, yeniliklere a\u00e7\u0131k, teknoloji ve bilimsel uygulamalar ile bar\u0131\u015f\u0131k tavr\u0131 ile m\u00fc\u015fteri beklentilerini kar\u015f\u0131lamak, \u00fcr\u00fcn kalitesini uluslararas\u0131 standartlara uygun bir \u015fekilde geli\u015ftirmek ve korumak \u00fczere \u00e7al\u0131\u015fmalar\u0131n\u0131 h\u0131zla s\u00fcrd\u00fcrecektir<\/p>\n","protected":false},"excerpt":{"rendered":"<p>Ulusoy Tohumculuk AR-GE Projesi\u2019nin ilk ad\u0131m\u0131 1995 y\u0131l\u0131nda Tar\u0131m ve K\u00f6yi\u015fleri Bakanl\u0131\u011f\u0131 taraf\u0131ndan verilen Tar\u0131msal Ara\u015ft\u0131rma Kurulu\u015fu Tescil Belgesi ile at\u0131lm\u0131\u015ft\u0131r. Resmi olarak 2000 y\u0131l\u0131nda ba\u015flayan ve T\u00dcB\u0130TAK destekli ilk tar\u0131m projesi olan Ulusoy Tohumculuk Ar-Ge Projesi \u00fclkemizde \u00e7im tohumu konusunda yap\u0131lan ilk \u0131slah \u00e7al\u0131\u015fmas\u0131d\u0131r. Ar-Ge \u00e7al\u0131\u015fmalar\u0131m\u0131z Ankara-G\u00f6lba\u015f\u0131\u2019nda bulunan merkezimizden y\u00fcr\u00fct\u00fclmektedir. Tesis i\u00e7inde \u0131slah projemizin [&hellip;]<\/p>\n","protected":false},"author":1,"featured_media":0,"parent":0,"menu_order":3,"comment_status":"closed","ping_status":"closed","template":"","meta":{"footnotes":""},"class_list":["post-514","page","type-page","status-publish","hentry"],"_links":{"self":[{"href":"https:\/\/www.ulusoyseed.com.tr\/en\/wp-json\/wp\/v2\/pages\/514","targetHints":{"allow":["GET"]}}],"collection":[{"href":"https:\/\/www.ulusoyseed.com.tr\/en\/wp-json\/wp\/v2\/pages"}],"about":[{"href":"https:\/\/www.ulusoyseed.com.tr\/en\/wp-json\/wp\/v2\/types\/page"}],"author":[{"embeddable":true,"href":"https:\/\/www.ulusoyseed.com.tr\/en\/wp-json\/wp\/v2\/users\/1"}],"replies":[{"embeddable":true,"href":"https:\/\/www.ulusoyseed.com.tr\/en\/wp-json\/wp\/v2\/comments?post=514"}],"version-history":[{"count":0,"href":"https:\/\/www.ulusoyseed.com.tr\/en\/wp-json\/wp\/v2\/pages\/514\/revisions"}],"wp:attachment":[{"href":"https:\/\/www.ulusoyseed.com.tr\/en\/wp-json\/wp\/v2\/media?parent=514"}],"curies":[{"name":"wp","href":"https:\/\/api.w.org\/{rel}","templated":true}]}}