{"id":377,"date":"2020-02-25T12:23:29","date_gmt":"2020-02-25T12:23:29","guid":{"rendered":"https:\/\/www.ulusoyseed.com.tr\/contact\/"},"modified":"2020-03-05T07:50:34","modified_gmt":"2020-03-05T07:50:34","slug":"contact","status":"publish","type":"page","link":"https:\/\/www.ulusoyseed.com.tr\/en\/contact\/","title":{"rendered":"Contact"},"content":{"rendered":"<p>\u00dcr\u00fcnlerimiz ve i\u015f birlikleri ile ilgili detayl\u0131 bilgi i\u00e7in a\u015fa\u011f\u0131daki adreslerden bize ula\u015fabilirsiniz.<\/p>\n<p>\u0130\u015f Olanaklar\u0131 &amp; \u0130nsan Kaynaklar\u0131 i\u00e7in bize <a href=\"mailto:ulusoy@ulusoyseed.com.tr\"><b><i>e-posta yoluyla<\/i><\/b><\/a> \u00f6zge\u00e7mi\u015finizi iletebilirsiniz.<\/p>\n","protected":false},"excerpt":{"rendered":"<p>\u00dcr\u00fcnlerimiz ve i\u015f birlikleri ile ilgili detayl\u0131 bilgi i\u00e7in a\u015fa\u011f\u0131daki adreslerden bize ula\u015fabilirsiniz. \u0130\u015f Olanaklar\u0131 &amp; \u0130nsan Kaynaklar\u0131 i\u00e7in bize e-posta yoluyla \u00f6zge\u00e7mi\u015finizi iletebilirsiniz.<\/p>\n","protected":false},"author":1,"featured_media":378,"parent":0,"menu_order":2,"comment_status":"closed","ping_status":"closed","template":"","meta":{"footnotes":""},"class_list":["post-377","page","type-page","status-publish","has-post-thumbnail","hentry"],"_links":{"self":[{"href":"https:\/\/www.ulusoyseed.com.tr\/en\/wp-json\/wp\/v2\/pages\/377","targetHints":{"allow":["GET"]}}],"collection":[{"href":"https:\/\/www.ulusoyseed.com.tr\/en\/wp-json\/wp\/v2\/pages"}],"about":[{"href":"https:\/\/www.ulusoyseed.com.tr\/en\/wp-json\/wp\/v2\/types\/page"}],"author":[{"embeddable":true,"href":"https:\/\/www.ulusoyseed.com.tr\/en\/wp-json\/wp\/v2\/users\/1"}],"replies":[{"embeddable":true,"href":"https:\/\/www.ulusoyseed.com.tr\/en\/wp-json\/wp\/v2\/comments?post=377"}],"version-history":[{"count":0,"href":"https:\/\/www.ulusoyseed.com.tr\/en\/wp-json\/wp\/v2\/pages\/377\/revisions"}],"wp:featuredmedia":[{"embeddable":true,"href":"https:\/\/www.ulusoyseed.com.tr\/en\/wp-json\/wp\/v2\/media\/378"}],"wp:attachment":[{"href":"https:\/\/www.ulusoyseed.com.tr\/en\/wp-json\/wp\/v2\/media?parent=377"}],"curies":[{"name":"wp","href":"https:\/\/api.w.org\/{rel}","templated":true}]}}